{"id":9399,"date":"2022-05-24T08:25:54","date_gmt":"2022-05-24T13:25:54","guid":{"rendered":"https:\/\/www.gydconsulting.com\/thank-you-landing-outsourcing-accounting-gyd\/"},"modified":"2022-11-22T21:50:05","modified_gmt":"2022-11-23T02:50:05","slug":"thank-you-landing-outsourcing-accounting-gyd","status":"publish","type":"page","link":"https:\/\/www.gydconsulting.com\/en\/thank-you-landing-outsourcing-accounting-gyd\/","title":{"rendered":"Thank you-oc"},"content":{"rendered":"<p>[et_pb_section fb_built=&rdquo;1&Prime; custom_padding_last_edited=&rdquo;on|phone&rdquo; _builder_version=&rdquo;4.16&Prime; _module_preset=&rdquo;default&rdquo; background_color=&rdquo;#f6f8fa&rdquo; custom_padding=&rdquo;80px||80px||true|false&rdquo; custom_padding_tablet=&rdquo;40px||40px||true|false&rdquo; custom_padding_phone=&rdquo;30px||30px||true|false&rdquo; global_colors_info=&rdquo;{}&rdquo;][et_pb_row _builder_version=&rdquo;4.16&Prime; _module_preset=&rdquo;default&rdquo; background_enable_color=&rdquo;off&rdquo; global_colors_info=&rdquo;{}&rdquo;][et_pb_column type=&rdquo;4_4&Prime; _builder_version=&rdquo;4.16&Prime; _module_preset=&rdquo;default&rdquo; global_colors_info=&rdquo;{}&rdquo;][et_pb_text _builder_version=&rdquo;4.17.4&Prime; _module_preset=&rdquo;default&rdquo; text_font=&rdquo;|600|||||||&rdquo; text_text_color=&rdquo;#084666&Prime; text_font_size=&rdquo;18px&rdquo; header_font=&rdquo;|700|||||||&rdquo; header_text_align=&rdquo;center&rdquo; header_text_color=&rdquo;#084666&Prime; header_font_size=&rdquo;36px&rdquo; header_line_height=&rdquo;1.8em&rdquo; background_color=&rdquo;#FFFFFF&rdquo; text_orientation=&rdquo;center&rdquo; width=&rdquo;80%&rdquo; width_tablet=&rdquo;100%&rdquo; width_phone=&rdquo;&rdquo; width_last_edited=&rdquo;on|phone&rdquo; module_alignment=&rdquo;center&rdquo; custom_padding=&rdquo;60px|20px|60px|20px|true|true&rdquo; custom_padding_tablet=&rdquo;40px||40px||true|true&rdquo; custom_padding_phone=&rdquo;40px||40px||true|true&rdquo; custom_padding_last_edited=&rdquo;on|phone&rdquo; hover_enabled=&rdquo;0&Prime; text_font_size_tablet=&rdquo;18px&rdquo; text_font_size_phone=&rdquo;16px&rdquo; text_font_size_last_edited=&rdquo;on|phone&rdquo; text_line_height_tablet=&rdquo;&rdquo; text_line_height_phone=&rdquo;1.3em&rdquo; text_line_height_last_edited=&rdquo;on|desktop&rdquo; header_font_size_tablet=&rdquo;&rdquo; header_font_size_phone=&rdquo;28px&rdquo; header_font_size_last_edited=&rdquo;on|desktop&rdquo; header_line_height_tablet=&rdquo;1.7em&rdquo; header_line_height_phone=&rdquo;1.3em&rdquo; header_line_height_last_edited=&rdquo;on|phone&rdquo; border_radii=&rdquo;on|20px|20px|20px|20px&rdquo; border_color_all=&rdquo;#FFFFFF&rdquo; box_shadow_style=&rdquo;preset3&Prime; global_colors_info=&rdquo;{}&rdquo; sticky_enabled=&rdquo;0&Prime;]<h1>Thank you for contacting us!<\/h1><p>One of our advisors will contact you as soon as possible to give you personalised attention.<\/p><p>[\/et_pb_text][\/et_pb_column][\/et_pb_row][\/et_pb_section]<\/p><div style=\"text-align:center\" class=\"yasr-auto-insert-visitor\"><\/div><\/p>\n","protected":false},"excerpt":{"rendered":"<p>Thank you for contacting us! One of our advisors will contact you as soon as possible to give you personalised attention.<\/p>\n","protected":false},"author":1,"featured_media":0,"parent":0,"menu_order":0,"comment_status":"closed","ping_status":"closed","template":"","meta":{"_et_pb_use_builder":"on","_et_pb_old_content":"","_et_gb_content_width":"","yasr_overall_rating":0,"yasr_post_is_review":"","yasr_auto_insert_disabled":"","yasr_review_type":"","_joinchat":[],"footnotes":""},"class_list":["post-9399","page","type-page","status-publish","hentry"],"yoast_head":"<!-- This site is optimized with the Yoast SEO Premium plugin v24.3 (Yoast SEO v24.3) - https:\/\/yoast.com\/wordpress\/plugins\/seo\/ -->\n<title>Thank you-oc<\/title>\n<meta name=\"robots\" content=\"noindex, nofollow\" \/>\n<meta property=\"og:locale\" content=\"en_US\" \/>\n<meta property=\"og:type\" content=\"article\" \/>\n<meta property=\"og:title\" content=\"Thank you-oc\" \/>\n<meta property=\"og:description\" content=\"Thank you for contacting us! One of our advisors will contact you as soon as possible to give you personalised attention.\" \/>\n<meta property=\"og:url\" content=\"https:\/\/www.gydconsulting.com\/en\/thank-you-landing-outsourcing-accounting-gyd\/\" \/>\n<meta property=\"og:site_name\" content=\"Firma de asesoria y consultoria para pymes\" \/>\n<meta property=\"article:publisher\" content=\"https:\/\/www.facebook.com\/GYDConsultingGroupsas\/\" \/>\n<meta property=\"article:modified_time\" content=\"2022-11-23T02:50:05+00:00\" \/>\n<meta property=\"og:image\" content=\"https:\/\/www.gydconsulting.com\/wcp\/uploads\/2023\/11\/GDCONSULTINGGROUP.png\" \/>\n\t<meta property=\"og:image:width\" content=\"1200\" \/>\n\t<meta property=\"og:image:height\" content=\"630\" \/>\n\t<meta property=\"og:image:type\" content=\"image\/png\" \/>\n<meta name=\"twitter:card\" content=\"summary_large_image\" \/>\n<meta name=\"twitter:site\" content=\"@gydconsultingco\" \/>\n<script type=\"application\/ld+json\" class=\"yoast-schema-graph\">{\"@context\":\"https:\/\/schema.org\",\"@graph\":[{\"@type\":\"WebPage\",\"@id\":\"https:\/\/www.gydconsulting.com\/en\/thank-you-landing-outsourcing-accounting-gyd\/\",\"url\":\"https:\/\/www.gydconsulting.com\/en\/thank-you-landing-outsourcing-accounting-gyd\/\",\"name\":\"Thank you-oc\",\"isPartOf\":{\"@id\":\"https:\/\/www.gydconsulting.com\/#website\"},\"datePublished\":\"2022-05-24T13:25:54+00:00\",\"dateModified\":\"2022-11-23T02:50:05+00:00\",\"breadcrumb\":{\"@id\":\"https:\/\/www.gydconsulting.com\/en\/thank-you-landing-outsourcing-accounting-gyd\/#breadcrumb\"},\"inLanguage\":\"en-US\",\"potentialAction\":[{\"@type\":\"ReadAction\",\"target\":[\"https:\/\/www.gydconsulting.com\/en\/thank-you-landing-outsourcing-accounting-gyd\/\"]}]},{\"@type\":\"BreadcrumbList\",\"@id\":\"https:\/\/www.gydconsulting.com\/en\/thank-you-landing-outsourcing-accounting-gyd\/#breadcrumb\",\"itemListElement\":[{\"@type\":\"ListItem\",\"position\":1,\"name\":\"G&amp;D Consulting Group\",\"item\":\"https:\/\/www.gydconsulting.com\/\"},{\"@type\":\"ListItem\",\"position\":2,\"name\":\"Thank you-oc\"}]},{\"@type\":\"WebSite\",\"@id\":\"https:\/\/www.gydconsulting.com\/#website\",\"url\":\"https:\/\/www.gydconsulting.com\/\",\"name\":\"G&D Consulting Group\",\"description\":\"G&amp;D Consulting Group: Especialistas en outsourcing, auditor\u00eda y servicios legales. Ofrecemos consultor\u00eda integral en asesor\u00eda cambiaria, inversi\u00f3n extranjera, tributaria, due diligence en Colombia, precios de transferencia, SGSST, valoraci\u00f3n de empresas y constituci\u00f3n de empresas. Contamos con abogados en derecho comercial y laboral, asesor\u00eda jur\u00eddica, revisor\u00eda fiscal y servicios de firma de auditor\u00eda. Soluciones personalizadas para tu negocio.\",\"publisher\":{\"@id\":\"https:\/\/www.gydconsulting.com\/#organization\"},\"potentialAction\":[{\"@type\":\"SearchAction\",\"target\":{\"@type\":\"EntryPoint\",\"urlTemplate\":\"https:\/\/www.gydconsulting.com\/?s={search_term_string}\"},\"query-input\":{\"@type\":\"PropertyValueSpecification\",\"valueRequired\":true,\"valueName\":\"search_term_string\"}}],\"inLanguage\":\"en-US\"},{\"@type\":\"Organization\",\"@id\":\"https:\/\/www.gydconsulting.com\/#organization\",\"name\":\"G&D Consulting Group\",\"url\":\"https:\/\/www.gydconsulting.com\/\",\"logo\":{\"@type\":\"ImageObject\",\"inLanguage\":\"en-US\",\"@id\":\"https:\/\/www.gydconsulting.com\/#\/schema\/logo\/image\/\",\"url\":\"https:\/\/www.gydconsulting.com\/wcp\/uploads\/2023\/11\/GDCONSULTINGGROUP.png\",\"contentUrl\":\"https:\/\/www.gydconsulting.com\/wcp\/uploads\/2023\/11\/GDCONSULTINGGROUP.png\",\"width\":1200,\"height\":630,\"caption\":\"G&D Consulting Group\"},\"image\":{\"@id\":\"https:\/\/www.gydconsulting.com\/#\/schema\/logo\/image\/\"},\"sameAs\":[\"https:\/\/www.facebook.com\/GYDConsultingGroupsas\/\",\"https:\/\/x.com\/gydconsultingco\",\"https:\/\/www.linkedin.com\/company\/gampd-consulting-group-sas\"],\"description\":\"G&D Consulting Group es una firma especializada en servicios de outsourcing y asesor\u00eda empresarial, comprometida con la excelencia y la innovaci\u00f3n en soluciones corporativas.\",\"email\":\"info@gydconsulting.com\",\"telephone\":\"+57 (317) 4416450\",\"legalName\":\"G&D CONSULTING GROUP S A\",\"vatID\":\"900499737-6\",\"taxID\":\"900499737-6\",\"numberOfEmployees\":{\"@type\":\"QuantitativeValue\",\"minValue\":\"51\",\"maxValue\":\"200\"}},false]}<\/script>\n<!-- \/ Yoast SEO Premium plugin. -->","yoast_head_json":{"title":"Thank you-oc","robots":{"index":"noindex","follow":"nofollow"},"og_locale":"en_US","og_type":"article","og_title":"Thank you-oc","og_description":"Thank you for contacting us! One of our advisors will contact you as soon as possible to give you personalised attention.","og_url":"https:\/\/www.gydconsulting.com\/en\/thank-you-landing-outsourcing-accounting-gyd\/","og_site_name":"Firma de asesoria y consultoria para pymes","article_publisher":"https:\/\/www.facebook.com\/GYDConsultingGroupsas\/","article_modified_time":"2022-11-23T02:50:05+00:00","og_image":[{"width":1200,"height":630,"url":"https:\/\/www.gydconsulting.com\/wcp\/uploads\/2023\/11\/GDCONSULTINGGROUP.png","type":"image\/png"}],"twitter_card":"summary_large_image","twitter_site":"@gydconsultingco","schema":{"@context":"https:\/\/schema.org","@graph":[{"@type":"WebPage","@id":"https:\/\/www.gydconsulting.com\/en\/thank-you-landing-outsourcing-accounting-gyd\/","url":"https:\/\/www.gydconsulting.com\/en\/thank-you-landing-outsourcing-accounting-gyd\/","name":"Thank you-oc","isPartOf":{"@id":"https:\/\/www.gydconsulting.com\/#website"},"datePublished":"2022-05-24T13:25:54+00:00","dateModified":"2022-11-23T02:50:05+00:00","breadcrumb":{"@id":"https:\/\/www.gydconsulting.com\/en\/thank-you-landing-outsourcing-accounting-gyd\/#breadcrumb"},"inLanguage":"en-US","potentialAction":[{"@type":"ReadAction","target":["https:\/\/www.gydconsulting.com\/en\/thank-you-landing-outsourcing-accounting-gyd\/"]}]},{"@type":"BreadcrumbList","@id":"https:\/\/www.gydconsulting.com\/en\/thank-you-landing-outsourcing-accounting-gyd\/#breadcrumb","itemListElement":[{"@type":"ListItem","position":1,"name":"G&amp;D Consulting Group","item":"https:\/\/www.gydconsulting.com\/"},{"@type":"ListItem","position":2,"name":"Thank you-oc"}]},{"@type":"WebSite","@id":"https:\/\/www.gydconsulting.com\/#website","url":"https:\/\/www.gydconsulting.com\/","name":"G&D Consulting Group","description":"G&amp;D Consulting Group: Especialistas en outsourcing, auditor\u00eda y servicios legales. Ofrecemos consultor\u00eda integral en asesor\u00eda cambiaria, inversi\u00f3n extranjera, tributaria, due diligence en Colombia, precios de transferencia, SGSST, valoraci\u00f3n de empresas y constituci\u00f3n de empresas. Contamos con abogados en derecho comercial y laboral, asesor\u00eda jur\u00eddica, revisor\u00eda fiscal y servicios de firma de auditor\u00eda. Soluciones personalizadas para tu negocio.","publisher":{"@id":"https:\/\/www.gydconsulting.com\/#organization"},"potentialAction":[{"@type":"SearchAction","target":{"@type":"EntryPoint","urlTemplate":"https:\/\/www.gydconsulting.com\/?s={search_term_string}"},"query-input":{"@type":"PropertyValueSpecification","valueRequired":true,"valueName":"search_term_string"}}],"inLanguage":"en-US"},{"@type":"Organization","@id":"https:\/\/www.gydconsulting.com\/#organization","name":"G&D Consulting Group","url":"https:\/\/www.gydconsulting.com\/","logo":{"@type":"ImageObject","inLanguage":"en-US","@id":"https:\/\/www.gydconsulting.com\/#\/schema\/logo\/image\/","url":"https:\/\/www.gydconsulting.com\/wcp\/uploads\/2023\/11\/GDCONSULTINGGROUP.png","contentUrl":"https:\/\/www.gydconsulting.com\/wcp\/uploads\/2023\/11\/GDCONSULTINGGROUP.png","width":1200,"height":630,"caption":"G&D Consulting Group"},"image":{"@id":"https:\/\/www.gydconsulting.com\/#\/schema\/logo\/image\/"},"sameAs":["https:\/\/www.facebook.com\/GYDConsultingGroupsas\/","https:\/\/x.com\/gydconsultingco","https:\/\/www.linkedin.com\/company\/gampd-consulting-group-sas"],"description":"G&D Consulting Group es una firma especializada en servicios de outsourcing y asesor\u00eda empresarial, comprometida con la excelencia y la innovaci\u00f3n en soluciones corporativas.","email":"info@gydconsulting.com","telephone":"+57 (317) 4416450","legalName":"G&D CONSULTING GROUP S A","vatID":"900499737-6","taxID":"900499737-6","numberOfEmployees":{"@type":"QuantitativeValue","minValue":"51","maxValue":"200"}},false]}},"yasr_visitor_votes":{"stars_attributes":{"read_only":false,"span_bottom":false},"number_of_votes":0,"sum_votes":0},"_links":{"self":[{"href":"https:\/\/www.gydconsulting.com\/en\/wp-json\/wp\/v2\/pages\/9399","targetHints":{"allow":["GET"]}}],"collection":[{"href":"https:\/\/www.gydconsulting.com\/en\/wp-json\/wp\/v2\/pages"}],"about":[{"href":"https:\/\/www.gydconsulting.com\/en\/wp-json\/wp\/v2\/types\/page"}],"author":[{"embeddable":true,"href":"https:\/\/www.gydconsulting.com\/en\/wp-json\/wp\/v2\/users\/1"}],"replies":[{"embeddable":true,"href":"https:\/\/www.gydconsulting.com\/en\/wp-json\/wp\/v2\/comments?post=9399"}],"version-history":[{"count":0,"href":"https:\/\/www.gydconsulting.com\/en\/wp-json\/wp\/v2\/pages\/9399\/revisions"}],"wp:attachment":[{"href":"https:\/\/www.gydconsulting.com\/en\/wp-json\/wp\/v2\/media?parent=9399"}],"curies":[{"name":"wp","href":"https:\/\/api.w.org\/{rel}","templated":true}]}}