{"id":9432,"date":"2020-12-14T12:37:28","date_gmt":"2020-12-14T17:37:28","guid":{"rendered":"https:\/\/www.gydconsulting.com\/data-protection-policy\/"},"modified":"2022-11-23T18:00:06","modified_gmt":"2022-11-23T23:00:06","slug":"data-protection-policy","status":"publish","type":"page","link":"https:\/\/www.gydconsulting.com\/en\/data-protection-policy\/","title":{"rendered":"Data Protection Policy"},"content":{"rendered":"<p>[et_pb_section fb_built=&rdquo;1&Prime; _builder_version=&rdquo;4.7.4&Prime; _module_preset=&rdquo;default&rdquo; background_color=&rdquo;#000000&Prime; min_height=&rdquo;282px&rdquo; height=&rdquo;400px&rdquo; height_tablet=&rdquo;350px&rdquo; height_phone=&rdquo;300px&rdquo; height_last_edited=&rdquo;on|phone&rdquo; custom_padding=&rdquo;0px|0px|0px|0px|false|false&rdquo; locked=&rdquo;off&rdquo;][et_pb_row make_equal=&rdquo;on&rdquo; module_id=&rdquo;#headsection&rdquo; _builder_version=&rdquo;4.9.0&Prime; _module_preset=&rdquo;default&rdquo; background_image=&rdquo;https:\/\/www.gydconsulting.com\/wcp\/uploads\/2021\/03\/data-security.jpg&rdquo; width=&rdquo;100%&rdquo; max_width=&rdquo;100%&rdquo; height=&rdquo;400px&rdquo; height_tablet=&rdquo;350px&rdquo; height_phone=&rdquo;300px&rdquo; height_last_edited=&rdquo;on|tablet&rdquo; custom_margin=&rdquo;||||false|false&rdquo; custom_padding=&rdquo;0px||0px||false|false&rdquo; animation_style=&rdquo;fade&rdquo; animation_starting_opacity=&rdquo;50%&rdquo; custom_css_main_element_last_edited=&rdquo;on|phone&rdquo; custom_css_main_element_tablet=&rdquo;height: 350px;&rdquo; custom_css_main_element_phone=&rdquo;height: 300px;&rdquo;][et_pb_column type=&rdquo;4_4&Prime; _builder_version=&rdquo;4.7.4&Prime; _module_preset=&rdquo;default&rdquo;][et_pb_text _builder_version=&rdquo;4.7.7&Prime; _module_preset=&rdquo;default&rdquo; background_color=&rdquo;rgba(0,22,71,0.7)&rdquo; background_enable_image=&rdquo;off&rdquo; transform_translate_linked=&rdquo;off&rdquo; transform_skew=&rdquo;-25deg|0deg&rdquo; transform_skew_linked=&rdquo;off&rdquo; transform_origin=&rdquo;0%|0%&rdquo; width=&rdquo;50%&rdquo; width_tablet=&rdquo;65%&rdquo; width_phone=&rdquo;110%&rdquo; width_last_edited=&rdquo;on|phone&rdquo; module_alignment=&rdquo;left&rdquo; height=&rdquo;400px&rdquo; height_tablet=&rdquo;350px&rdquo; height_phone=&rdquo;300px&rdquo; height_last_edited=&rdquo;on|desktop&rdquo; custom_margin=&rdquo;||0px||false|false&rdquo; custom_padding=&rdquo;0px||0px||true|false&rdquo; animation_style=&rdquo;slide&rdquo; animation_direction=&rdquo;left&rdquo; animation_duration=&rdquo;1500ms&rdquo; animation_delay=&rdquo;100ms&rdquo; width__hover_enabled=&rdquo;off|desktop&rdquo;]<p><\/p><p>[\/et_pb_text][et_pb_text _builder_version=&rdquo;4.7.7&Prime; _module_preset=&rdquo;default&rdquo; background_color=&rdquo;rgba(0,22,71,0.3)&rdquo; background_enable_image=&rdquo;off&rdquo; transform_translate_linked=&rdquo;off&rdquo; transform_skew=&rdquo;-31deg|0deg&rdquo; transform_skew_linked=&rdquo;off&rdquo; transform_origin=&rdquo;0%|0%&rdquo; width=&rdquo;53%&rdquo; width_tablet=&rdquo;71%&rdquo; width_phone=&rdquo;120%&rdquo; width_last_edited=&rdquo;on|desktop&rdquo; module_alignment=&rdquo;left&rdquo; height=&rdquo;400px&rdquo; height_tablet=&rdquo;350px&rdquo; height_phone=&rdquo;300px&rdquo; height_last_edited=&rdquo;on|desktop&rdquo; custom_margin=&rdquo;-400px||0px||false|false&rdquo; custom_margin_tablet=&rdquo;-350px||||false|false&rdquo; custom_margin_phone=&rdquo;-300px||||false|false&rdquo; custom_margin_last_edited=&rdquo;on|phone&rdquo; custom_padding=&rdquo;0px||0px||true|false&rdquo; animation_style=&rdquo;slide&rdquo; animation_direction=&rdquo;left&rdquo; animation_duration=&rdquo;1300ms&rdquo; width__hover_enabled=&rdquo;off|desktop&rdquo;]<\/p><p><\/p><p>[\/et_pb_text][et_pb_text _builder_version=&rdquo;4.9.0&Prime; _module_preset=&rdquo;default&rdquo; text_font=&rdquo;|600|||||||&rdquo; text_text_color=&rdquo;rgba(34,34,34,0.7)&rdquo; text_font_size=&rdquo;20px&rdquo; header_font=&rdquo;|600||on|||||&rdquo; header_text_color=&rdquo;#ffffff&rdquo; header_font_size=&rdquo;36px&rdquo; background_enable_color=&rdquo;off&rdquo; background_enable_image=&rdquo;off&rdquo; transform_origin=&rdquo;0%|0%&rdquo; width=&rdquo;50%&rdquo; width_tablet=&rdquo;70%&rdquo; width_phone=&rdquo;100%&rdquo; width_last_edited=&rdquo;on|phone&rdquo; module_alignment=&rdquo;left&rdquo; height_tablet=&rdquo;&rdquo; height_phone=&rdquo;&rdquo; height_last_edited=&rdquo;on|desktop&rdquo; custom_margin=&rdquo;-240px||||false|false&rdquo; custom_margin_tablet=&rdquo;-200px||||false|false&rdquo; custom_margin_phone=&rdquo;-170px||||false|false&rdquo; custom_margin_last_edited=&rdquo;on|desktop&rdquo; custom_padding=&rdquo;|||80px|true|false&rdquo; custom_padding_tablet=&rdquo;|||30px|false|false&rdquo; custom_padding_phone=&rdquo;|0px||0px|true|true&rdquo; custom_padding_last_edited=&rdquo;on|desktop&rdquo; animation_style=&rdquo;fade&rdquo; animation_direction=&rdquo;left&rdquo; animation_duration=&rdquo;1500ms&rdquo; animation_delay=&rdquo;500ms&rdquo; text_font_size_tablet=&rdquo;16px&rdquo; text_font_size_phone=&rdquo;14px&rdquo; text_font_size_last_edited=&rdquo;on|phone&rdquo; header_font_size_tablet=&rdquo;28px&rdquo; header_font_size_phone=&rdquo;24px&rdquo; header_font_size_last_edited=&rdquo;on|phone&rdquo; text_orientation_tablet=&rdquo;&rdquo; text_orientation_phone=&rdquo;center&rdquo; text_orientation_last_edited=&rdquo;on|phone&rdquo; text_text_shadow_style=&rdquo;preset1&Prime; width__hover_enabled=&rdquo;off|desktop&rdquo;]<\/p><h1>Data Protection Policy<\/h1><p>[\/et_pb_text][\/et_pb_column][\/et_pb_row][\/et_pb_section][et_pb_section fb_built=&rdquo;1&Prime; use_custom_gutter=&rdquo;on&rdquo; specialty=&rdquo;on&rdquo; padding_top_bottom_link_1=&rdquo;false&rdquo; padding_left_right_link_1=&rdquo;false&rdquo; _builder_version=&rdquo;4.7.7&Prime; _module_preset=&rdquo;default&rdquo; max_width=&rdquo;100%&rdquo; inner_max_width=&rdquo;85%&rdquo; custom_margin=&rdquo;0px||0px||true|false&rdquo; custom_padding=&rdquo;40px||40px||true|false&rdquo;][et_pb_column type=&rdquo;3_4&Prime; specialty_columns=&rdquo;3&Prime; _builder_version=&rdquo;3.25&Prime; custom_padding=&rdquo;|||&rdquo; custom_padding__hover=&rdquo;|||&rdquo;][et_pb_row_inner _builder_version=&rdquo;4.7.7&Prime; _module_preset=&rdquo;default&rdquo; custom_padding=&rdquo;5px||5px||true|false&rdquo; animation_style=&rdquo;fade&rdquo; locked=&rdquo;off&rdquo;][et_pb_column_inner saved_specialty_column_type=&rdquo;3_4&Prime; _builder_version=&rdquo;4.7.7&Prime; _module_preset=&rdquo;default&rdquo;][et_pb_text _builder_version=&rdquo;4.9.0&Prime; _module_preset=&rdquo;default&rdquo; header_2_font=&rdquo;|600||on|||||&rdquo; header_2_text_color=&rdquo;#001647&Prime; header_2_font_size=&rdquo;28px&rdquo; width=&rdquo;50%&rdquo; width_tablet=&rdquo;100%&rdquo; width_phone=&rdquo;100%&rdquo; width_last_edited=&rdquo;on|desktop&rdquo; max_width=&rdquo;100%&rdquo; custom_margin=&rdquo;||20px||false|false&rdquo; custom_padding=&rdquo;||||false|false&rdquo; animation_style=&rdquo;fade&rdquo; animation_direction=&rdquo;right&rdquo; animation_delay=&rdquo;200ms&rdquo; header_2_text_align_tablet=&rdquo;&rdquo; header_2_text_align_phone=&rdquo;center&rdquo; header_2_text_align_last_edited=&rdquo;on|desktop&rdquo; header_2_font_size_tablet=&rdquo;24px&rdquo; header_2_font_size_phone=&rdquo;20px&rdquo; header_2_font_size_last_edited=&rdquo;on|phone&rdquo; border_color_all=&rdquo;#d19205&Prime; border_width_bottom=&rdquo;3px&rdquo; border_color_bottom=&rdquo;#001647&Prime;]<\/p><h2>Data Protection Policy<\/h2><p>[\/et_pb_text][\/et_pb_column_inner][\/et_pb_row_inner][et_pb_row_inner _builder_version=&rdquo;4.7.7&Prime; _module_preset=&rdquo;default&rdquo; custom_padding=&rdquo;15px||||false|false&rdquo;][et_pb_column_inner saved_specialty_column_type=&rdquo;3_4&Prime; _builder_version=&rdquo;4.7.7&Prime; _module_preset=&rdquo;default&rdquo;][et_pb_text _builder_version=&rdquo;4.8.1&Prime; _module_preset=&rdquo;default&rdquo; text_font_size=&rdquo;22px&rdquo; text_line_height=&rdquo;1.8em&rdquo; header_3_font_size=&rdquo;24px&rdquo; header_3_line_height=&rdquo;1.5em&rdquo; custom_margin=&rdquo;||10px||false|false&rdquo; animation_style=&rdquo;fade&rdquo;]<\/p><h3>HABEAS DATA<\/h3><p><strong>G&amp;D Consulting Group S.A.S<\/strong>., ensures the confidentiality and protection of personal data of users who have registered on our website.<\/p><p><strong>G&amp;D Consulting Group S.A.S.<\/strong>, provides users, customers and\/or third parties with the appropriate technical resources to make them aware of our Privacy and Personal Data Protection Policy and any other information that may be relevant.<\/p><p>The Personal Data of the Users are not provided by <strong>G&amp;D Consulting Group S.A.S.<\/strong> to third parties. The use of data of users, clients, third parties and confidential information will be used in accordance with the commercial and\/or labor purposes of the company and our Personal Data Treatment Policies.<\/p><p>If you wish to contact us regarding this matter please write to the following email address:<\/p><p>protecciondedatos@gydconsulting.com<\/p><p>info@gydconsulting.com<\/p><p><strong>G&amp;D Consulting Group S.A.S<\/strong><br> <strong>Tel.:<\/strong> +571 8059112 &ndash; 8059109<br> <strong>E-mail:<\/strong> info@gydconsulting.com<br> <strong>Dir.:<\/strong> Calle 98 No. 18-71 oficinas 604, 605, 607<br> Building Varese. Bogot&aacute; DC, Colombia.<\/p><p>[\/et_pb_text][et_pb_button button_url=&rdquo;https:\/\/www.gydconsulting.com\/dl\/politica-de-proteccion-de-datos.pdf&rdquo; button_text=&rdquo;Download in PDF&rdquo; _builder_version=&rdquo;4.9.3&Prime; _module_preset=&rdquo;default&rdquo; animation_style=&rdquo;slide&rdquo; animation_direction=&rdquo;left&rdquo; hover_enabled=&rdquo;0&Prime; sticky_enabled=&rdquo;0&Prime; url_new_window=&rdquo;on&rdquo;][\/et_pb_button][\/et_pb_column_inner][\/et_pb_row_inner][\/et_pb_column][et_pb_column type=&rdquo;1_4&Prime; _builder_version=&rdquo;3.25&Prime; custom_padding=&rdquo;|||&rdquo; custom_padding__hover=&rdquo;|||&rdquo;][et_pb_text module_class=&rdquo;page-menu page-menu-service-1&Prime; _builder_version=&rdquo;4.7.7&Prime; _module_preset=&rdquo;default&rdquo; header_2_font_size=&rdquo;24px&rdquo; custom_margin=&rdquo;|-10px|10px|-10px|false|true&rdquo; custom_padding=&rdquo;||||false|false&rdquo; animation_style=&rdquo;fade&rdquo; header_2_font_size_tablet=&rdquo;22px&rdquo; header_2_font_size_phone=&rdquo;20px&rdquo; header_2_font_size_last_edited=&rdquo;on|desktop&rdquo;]<\/p><h2>Outsourcing \/ BPO<\/h2><p>\n<div class=\"menu-en_service_1-container\"><ul id=\"menu-en_service_1\" class=\"\"><li id=\"menu-item-9524\" class=\"menu-item menu-item-type-post_type menu-item-object-page menu-item-9524\"><a href=\"https:\/\/www.gydconsulting.com\/en\/accounting-outsourcing\/\" title=\"Accounting Outsourcing\">Accounting Outsourcing<\/a><\/li>\n<li id=\"menu-item-9526\" class=\"menu-item menu-item-type-post_type menu-item-object-page menu-item-9526\"><a href=\"https:\/\/www.gydconsulting.com\/en\/outsourcing-payroll\/\" title=\"Payroll Outsourcing\">Payroll Outsourcing<\/a><\/li>\n<li id=\"menu-item-9496\" class=\"menu-item menu-item-type-post_type menu-item-object-page menu-item-9496\"><a href=\"https:\/\/www.gydconsulting.com\/en\/administrative-representation-in-colombia\/\" title=\"Administrative Representation Service\">Administrative Representation Service<\/a><\/li>\n<\/ul><\/div>[\/et_pb_text][et_pb_text module_class=&rdquo;page-menu page-menu-service-2&Prime; _builder_version=&rdquo;4.7.7&Prime; _module_preset=&rdquo;default&rdquo; header_2_font_size=&rdquo;24px&rdquo; custom_margin=&rdquo;|-10px|10px|-10px|false|true&rdquo; animation_style=&rdquo;fade&rdquo; header_2_font_size_tablet=&rdquo;22px&rdquo; header_2_font_size_phone=&rdquo;20px&rdquo; header_2_font_size_last_edited=&rdquo;on|phone&rdquo;]<\/p><h2>Audit<\/h2><p>\n<div class=\"menu-en_service_2-container\"><ul id=\"menu-en_service_2\" class=\"\"><li id=\"menu-item-9515\" class=\"menu-item menu-item-type-post_type menu-item-object-page menu-item-9515\"><a href=\"https:\/\/www.gydconsulting.com\/en\/statutory-audit-service\/\" title=\"Statutory Audit\">Statutory Audit<\/a><\/li>\n<li id=\"menu-item-9501\" class=\"menu-item menu-item-type-post_type menu-item-object-page menu-item-9501\"><a href=\"https:\/\/www.gydconsulting.com\/en\/audit-services\/\" title=\"Audit and Compliance\">Audit and Compliance<\/a><\/li>\n<\/ul><\/div>[\/et_pb_text][et_pb_text module_class=&rdquo;page-menu page-menu-service-3&Prime; _builder_version=&rdquo;4.7.7&Prime; _module_preset=&rdquo;default&rdquo; header_2_font_size=&rdquo;24px&rdquo; custom_margin=&rdquo;|-10px|10px|-10px|false|true&rdquo; custom_padding=&rdquo;||||false|false&rdquo; animation_style=&rdquo;fade&rdquo; header_2_font_size_tablet=&rdquo;22px&rdquo; header_2_font_size_phone=&rdquo;20px&rdquo; header_2_font_size_last_edited=&rdquo;on|phone&rdquo;]<\/p><h2>Legal Services<\/h2><p>\n<div class=\"menu-en_service_3-container\"><ul id=\"menu-en_service_3\" class=\"\"><li id=\"menu-item-9500\" class=\"menu-item menu-item-type-post_type menu-item-object-page menu-item-9500\"><a href=\"https:\/\/www.gydconsulting.com\/en\/corporate-and-commercial-law\/\" title=\"Corporate and Commercial Law\">Corporate and Commercial Law<\/a><\/li>\n<li id=\"menu-item-9502\" class=\"menu-item menu-item-type-post_type menu-item-object-page menu-item-9502\"><a href=\"https:\/\/www.gydconsulting.com\/en\/lawyers-in-labour-law\/\" title=\"Labor &amp; Employment Lawyers\">Labor &#038; Employment Lawyers<\/a><\/li>\n<li id=\"menu-item-9520\" class=\"menu-item menu-item-type-post_type menu-item-object-page menu-item-9520\"><a href=\"https:\/\/www.gydconsulting.com\/en\/legal-advice\/\" title=\"Legal Counseling Service\">Legal Counseling Service<\/a><\/li>\n<li id=\"menu-item-9504\" class=\"menu-item menu-item-type-post_type menu-item-object-page menu-item-9504\"><a href=\"https:\/\/www.gydconsulting.com\/en\/company-formation-services\/\" title=\"Company Formation Services\">Company Formation Services<\/a><\/li>\n<\/ul><\/div>[\/et_pb_text][et_pb_text module_class=&rdquo;page-menu page-menu-service-4&Prime; _builder_version=&rdquo;4.7.7&Prime; _module_preset=&rdquo;default&rdquo; header_2_font_size=&rdquo;24px&rdquo; custom_margin=&rdquo;|-10px|10px|-10px|false|true&rdquo; custom_padding=&rdquo;||||false|false&rdquo; animation_style=&rdquo;fade&rdquo; header_2_font_size_tablet=&rdquo;22px&rdquo; header_2_font_size_phone=&rdquo;20px&rdquo; header_2_font_size_last_edited=&rdquo;on|phone&rdquo;]<\/p><h2>Consulting<\/h2><p>\n<div class=\"menu-en_service_4-container\"><ul id=\"menu-en_service_4\" class=\"\"><li id=\"menu-item-9516\" class=\"menu-item menu-item-type-post_type menu-item-object-page menu-item-9516\"><a href=\"https:\/\/www.gydconsulting.com\/en\/advisory-services-in-foreign-exchange-law\/\" title=\"Foreign exchange advice\">Foreign exchange advice<\/a><\/li>\n<li id=\"menu-item-9517\" class=\"menu-item menu-item-type-post_type menu-item-object-page menu-item-9517\"><a href=\"https:\/\/www.gydconsulting.com\/en\/foreign-investment-advisory\/\" title=\"Foreign investment advice\">Foreign investment advice<\/a><\/li>\n<li id=\"menu-item-9531\" class=\"menu-item menu-item-type-post_type menu-item-object-page menu-item-9531\"><a href=\"https:\/\/www.gydconsulting.com\/en\/tax-advisory-service-colombia\/\" title=\"Tax advice\">Tax advice<\/a><\/li>\n<li id=\"menu-item-9514\" class=\"menu-item menu-item-type-post_type menu-item-object-page menu-item-9514\"><a href=\"https:\/\/www.gydconsulting.com\/en\/due-diligence-in-colombia\/\" title=\"Due diligence in Colombia\">Due diligence in Colombia<\/a><\/li>\n<li id=\"menu-item-9535\" class=\"menu-item menu-item-type-post_type menu-item-object-page menu-item-9535\"><a href=\"https:\/\/www.gydconsulting.com\/en\/transfer-prices\/\" title=\"Transfer pricing\">Transfer pricing<\/a><\/li>\n<li id=\"menu-item-9529\" class=\"menu-item menu-item-type-post_type menu-item-object-page menu-item-9529\"><a href=\"https:\/\/www.gydconsulting.com\/en\/sgsst\/\" title=\"OSHA SGSST\">OSHA SGSST<\/a><\/li>\n<li id=\"menu-item-9586\" class=\"menu-item menu-item-type-post_type menu-item-object-page menu-item-9586\"><a href=\"https:\/\/www.gydconsulting.com\/en\/company-valuation\/\" title=\"Company valuation\">Company valuation<\/a><\/li>\n<\/ul><\/div>[\/et_pb_text][\/et_pb_column][\/et_pb_section]\n\n\n<\/p><div style=\"text-align:center\" class=\"yasr-auto-insert-visitor\"><\/div><\/p>\n","protected":false},"excerpt":{"rendered":"<p>Data Protection PolicyData Protection PolicyHABEAS DATA G&amp;D Consulting Group S.A.S., ensures the confidentiality and protection of personal data of users who have registered on our website. G&amp;D Consulting Group S.A.S., provides users, customers and\/or third parties with the appropriate technical resources to make them aware of our Privacy and Personal Data Protection Policy and any [&hellip;]<\/p>\n","protected":false},"author":1,"featured_media":0,"parent":0,"menu_order":0,"comment_status":"closed","ping_status":"closed","template":"","meta":{"_et_pb_use_builder":"on","_et_pb_old_content":"","_et_gb_content_width":"","yasr_overall_rating":0,"yasr_post_is_review":"","yasr_auto_insert_disabled":"","yasr_review_type":"","_joinchat":[],"footnotes":""},"class_list":["post-9432","page","type-page","status-publish","hentry"],"yoast_head":"<!-- This site is optimized with the Yoast SEO Premium plugin v24.3 (Yoast SEO v24.3) - https:\/\/yoast.com\/wordpress\/plugins\/seo\/ -->\n<title>Data Protection Policy<\/title>\n<meta name=\"robots\" content=\"noindex, nofollow\" \/>\n<meta property=\"og:locale\" content=\"en_US\" \/>\n<meta property=\"og:type\" content=\"article\" \/>\n<meta property=\"og:title\" content=\"Data Protection Policy\" \/>\n<meta property=\"og:description\" content=\"Data Protection PolicyData Protection PolicyHABEAS DATA G&amp;D Consulting Group S.A.S., ensures the confidentiality and protection of personal data of users who have registered on our website. G&amp;D Consulting Group S.A.S., provides users, customers and\/or third parties with the appropriate technical resources to make them aware of our Privacy and Personal Data Protection Policy and any [&hellip;]\" \/>\n<meta property=\"og:url\" content=\"https:\/\/www.gydconsulting.com\/en\/data-protection-policy\/\" \/>\n<meta property=\"og:site_name\" content=\"Firma de asesoria y consultoria para pymes\" \/>\n<meta property=\"article:publisher\" content=\"https:\/\/www.facebook.com\/GYDConsultingGroupsas\/\" \/>\n<meta property=\"article:modified_time\" content=\"2022-11-23T23:00:06+00:00\" \/>\n<meta property=\"og:image\" content=\"https:\/\/www.gydconsulting.com\/wcp\/uploads\/2023\/11\/GDCONSULTINGGROUP.png\" \/>\n\t<meta property=\"og:image:width\" content=\"1200\" \/>\n\t<meta property=\"og:image:height\" content=\"630\" \/>\n\t<meta property=\"og:image:type\" content=\"image\/png\" \/>\n<meta name=\"twitter:card\" content=\"summary_large_image\" \/>\n<meta name=\"twitter:site\" content=\"@gydconsultingco\" \/>\n<script type=\"application\/ld+json\" class=\"yoast-schema-graph\">{\"@context\":\"https:\/\/schema.org\",\"@graph\":[{\"@type\":\"WebPage\",\"@id\":\"https:\/\/www.gydconsulting.com\/en\/data-protection-policy\/\",\"url\":\"https:\/\/www.gydconsulting.com\/en\/data-protection-policy\/\",\"name\":\"Data Protection Policy\",\"isPartOf\":{\"@id\":\"https:\/\/www.gydconsulting.com\/#website\"},\"datePublished\":\"2020-12-14T17:37:28+00:00\",\"dateModified\":\"2022-11-23T23:00:06+00:00\",\"breadcrumb\":{\"@id\":\"https:\/\/www.gydconsulting.com\/en\/data-protection-policy\/#breadcrumb\"},\"inLanguage\":\"en-US\",\"potentialAction\":[{\"@type\":\"ReadAction\",\"target\":[\"https:\/\/www.gydconsulting.com\/en\/data-protection-policy\/\"]}]},{\"@type\":\"BreadcrumbList\",\"@id\":\"https:\/\/www.gydconsulting.com\/en\/data-protection-policy\/#breadcrumb\",\"itemListElement\":[{\"@type\":\"ListItem\",\"position\":1,\"name\":\"G&amp;D Consulting Group\",\"item\":\"https:\/\/www.gydconsulting.com\/\"},{\"@type\":\"ListItem\",\"position\":2,\"name\":\"Data Protection Policy\"}]},{\"@type\":\"WebSite\",\"@id\":\"https:\/\/www.gydconsulting.com\/#website\",\"url\":\"https:\/\/www.gydconsulting.com\/\",\"name\":\"G&D Consulting Group\",\"description\":\"G&amp;D Consulting Group: Especialistas en outsourcing, auditor\u00eda y servicios legales. Ofrecemos consultor\u00eda integral en asesor\u00eda cambiaria, inversi\u00f3n extranjera, tributaria, due diligence en Colombia, precios de transferencia, SGSST, valoraci\u00f3n de empresas y constituci\u00f3n de empresas. Contamos con abogados en derecho comercial y laboral, asesor\u00eda jur\u00eddica, revisor\u00eda fiscal y servicios de firma de auditor\u00eda. Soluciones personalizadas para tu negocio.\",\"publisher\":{\"@id\":\"https:\/\/www.gydconsulting.com\/#organization\"},\"potentialAction\":[{\"@type\":\"SearchAction\",\"target\":{\"@type\":\"EntryPoint\",\"urlTemplate\":\"https:\/\/www.gydconsulting.com\/?s={search_term_string}\"},\"query-input\":{\"@type\":\"PropertyValueSpecification\",\"valueRequired\":true,\"valueName\":\"search_term_string\"}}],\"inLanguage\":\"en-US\"},{\"@type\":\"Organization\",\"@id\":\"https:\/\/www.gydconsulting.com\/#organization\",\"name\":\"G&D Consulting Group\",\"url\":\"https:\/\/www.gydconsulting.com\/\",\"logo\":{\"@type\":\"ImageObject\",\"inLanguage\":\"en-US\",\"@id\":\"https:\/\/www.gydconsulting.com\/#\/schema\/logo\/image\/\",\"url\":\"https:\/\/www.gydconsulting.com\/wcp\/uploads\/2023\/11\/GDCONSULTINGGROUP.png\",\"contentUrl\":\"https:\/\/www.gydconsulting.com\/wcp\/uploads\/2023\/11\/GDCONSULTINGGROUP.png\",\"width\":1200,\"height\":630,\"caption\":\"G&D Consulting Group\"},\"image\":{\"@id\":\"https:\/\/www.gydconsulting.com\/#\/schema\/logo\/image\/\"},\"sameAs\":[\"https:\/\/www.facebook.com\/GYDConsultingGroupsas\/\",\"https:\/\/x.com\/gydconsultingco\",\"https:\/\/www.linkedin.com\/company\/gampd-consulting-group-sas\"],\"description\":\"G&D Consulting Group es una firma especializada en servicios de outsourcing y asesor\u00eda empresarial, comprometida con la excelencia y la innovaci\u00f3n en soluciones corporativas.\",\"email\":\"info@gydconsulting.com\",\"telephone\":\"+57 (317) 4416450\",\"legalName\":\"G&D CONSULTING GROUP S A\",\"vatID\":\"900499737-6\",\"taxID\":\"900499737-6\",\"numberOfEmployees\":{\"@type\":\"QuantitativeValue\",\"minValue\":\"51\",\"maxValue\":\"200\"}},false]}<\/script>\n<!-- \/ Yoast SEO Premium plugin. -->","yoast_head_json":{"title":"Data Protection Policy","robots":{"index":"noindex","follow":"nofollow"},"og_locale":"en_US","og_type":"article","og_title":"Data Protection Policy","og_description":"Data Protection PolicyData Protection PolicyHABEAS DATA G&amp;D Consulting Group S.A.S., ensures the confidentiality and protection of personal data of users who have registered on our website. G&amp;D Consulting Group S.A.S., provides users, customers and\/or third parties with the appropriate technical resources to make them aware of our Privacy and Personal Data Protection Policy and any [&hellip;]","og_url":"https:\/\/www.gydconsulting.com\/en\/data-protection-policy\/","og_site_name":"Firma de asesoria y consultoria para pymes","article_publisher":"https:\/\/www.facebook.com\/GYDConsultingGroupsas\/","article_modified_time":"2022-11-23T23:00:06+00:00","og_image":[{"width":1200,"height":630,"url":"https:\/\/www.gydconsulting.com\/wcp\/uploads\/2023\/11\/GDCONSULTINGGROUP.png","type":"image\/png"}],"twitter_card":"summary_large_image","twitter_site":"@gydconsultingco","schema":{"@context":"https:\/\/schema.org","@graph":[{"@type":"WebPage","@id":"https:\/\/www.gydconsulting.com\/en\/data-protection-policy\/","url":"https:\/\/www.gydconsulting.com\/en\/data-protection-policy\/","name":"Data Protection Policy","isPartOf":{"@id":"https:\/\/www.gydconsulting.com\/#website"},"datePublished":"2020-12-14T17:37:28+00:00","dateModified":"2022-11-23T23:00:06+00:00","breadcrumb":{"@id":"https:\/\/www.gydconsulting.com\/en\/data-protection-policy\/#breadcrumb"},"inLanguage":"en-US","potentialAction":[{"@type":"ReadAction","target":["https:\/\/www.gydconsulting.com\/en\/data-protection-policy\/"]}]},{"@type":"BreadcrumbList","@id":"https:\/\/www.gydconsulting.com\/en\/data-protection-policy\/#breadcrumb","itemListElement":[{"@type":"ListItem","position":1,"name":"G&amp;D Consulting Group","item":"https:\/\/www.gydconsulting.com\/"},{"@type":"ListItem","position":2,"name":"Data Protection Policy"}]},{"@type":"WebSite","@id":"https:\/\/www.gydconsulting.com\/#website","url":"https:\/\/www.gydconsulting.com\/","name":"G&D Consulting Group","description":"G&amp;D Consulting Group: Especialistas en outsourcing, auditor\u00eda y servicios legales. Ofrecemos consultor\u00eda integral en asesor\u00eda cambiaria, inversi\u00f3n extranjera, tributaria, due diligence en Colombia, precios de transferencia, SGSST, valoraci\u00f3n de empresas y constituci\u00f3n de empresas. Contamos con abogados en derecho comercial y laboral, asesor\u00eda jur\u00eddica, revisor\u00eda fiscal y servicios de firma de auditor\u00eda. Soluciones personalizadas para tu negocio.","publisher":{"@id":"https:\/\/www.gydconsulting.com\/#organization"},"potentialAction":[{"@type":"SearchAction","target":{"@type":"EntryPoint","urlTemplate":"https:\/\/www.gydconsulting.com\/?s={search_term_string}"},"query-input":{"@type":"PropertyValueSpecification","valueRequired":true,"valueName":"search_term_string"}}],"inLanguage":"en-US"},{"@type":"Organization","@id":"https:\/\/www.gydconsulting.com\/#organization","name":"G&D Consulting Group","url":"https:\/\/www.gydconsulting.com\/","logo":{"@type":"ImageObject","inLanguage":"en-US","@id":"https:\/\/www.gydconsulting.com\/#\/schema\/logo\/image\/","url":"https:\/\/www.gydconsulting.com\/wcp\/uploads\/2023\/11\/GDCONSULTINGGROUP.png","contentUrl":"https:\/\/www.gydconsulting.com\/wcp\/uploads\/2023\/11\/GDCONSULTINGGROUP.png","width":1200,"height":630,"caption":"G&D Consulting Group"},"image":{"@id":"https:\/\/www.gydconsulting.com\/#\/schema\/logo\/image\/"},"sameAs":["https:\/\/www.facebook.com\/GYDConsultingGroupsas\/","https:\/\/x.com\/gydconsultingco","https:\/\/www.linkedin.com\/company\/gampd-consulting-group-sas"],"description":"G&D Consulting Group es una firma especializada en servicios de outsourcing y asesor\u00eda empresarial, comprometida con la excelencia y la innovaci\u00f3n en soluciones corporativas.","email":"info@gydconsulting.com","telephone":"+57 (317) 4416450","legalName":"G&D CONSULTING GROUP S A","vatID":"900499737-6","taxID":"900499737-6","numberOfEmployees":{"@type":"QuantitativeValue","minValue":"51","maxValue":"200"}},false]}},"yasr_visitor_votes":{"stars_attributes":{"read_only":false,"span_bottom":false},"number_of_votes":0,"sum_votes":0},"_links":{"self":[{"href":"https:\/\/www.gydconsulting.com\/en\/wp-json\/wp\/v2\/pages\/9432","targetHints":{"allow":["GET"]}}],"collection":[{"href":"https:\/\/www.gydconsulting.com\/en\/wp-json\/wp\/v2\/pages"}],"about":[{"href":"https:\/\/www.gydconsulting.com\/en\/wp-json\/wp\/v2\/types\/page"}],"author":[{"embeddable":true,"href":"https:\/\/www.gydconsulting.com\/en\/wp-json\/wp\/v2\/users\/1"}],"replies":[{"embeddable":true,"href":"https:\/\/www.gydconsulting.com\/en\/wp-json\/wp\/v2\/comments?post=9432"}],"version-history":[{"count":0,"href":"https:\/\/www.gydconsulting.com\/en\/wp-json\/wp\/v2\/pages\/9432\/revisions"}],"wp:attachment":[{"href":"https:\/\/www.gydconsulting.com\/en\/wp-json\/wp\/v2\/media?parent=9432"}],"curies":[{"name":"wp","href":"https:\/\/api.w.org\/{rel}","templated":true}]}}